{"id":60,"date":"2014-05-15T16:35:29","date_gmt":"2014-05-15T14:35:29","guid":{"rendered":"https:\/\/www.hweb.mobi\/?page_id=60"},"modified":"2014-05-15T16:38:30","modified_gmt":"2014-05-15T14:38:30","slug":"literatura","status":"publish","type":"page","link":"https:\/\/www.hweb.mobi\/index.php\/literatura\/","title":{"rendered":"Literatura"},"content":{"rendered":"<h1>Literatura wg zagadnie\u0144<\/h1>\n<h2>Us\u0142uga odkrywania zasob\u00f3w &#8211; Service Discovery<\/h2>\n<ol>\n<li><strong>W. Adjie-Winoto, E. Schwartz, H. Balakrishnan, J. Lilley &#8222;The design and implementation of an intentional naming system&#8221; 1999<\/strong><\/li>\n<li>S. Czerwinski, B. Zhao, T. Hodes, A. Joseph, R. Katz &#8222;An Architecture for a Secure Service Discovery Service&#8221; 1999<\/li>\n<li><strong>J. Heidemann, F. Silva, C. Intanagonwiwat &#8222;Building efficient wireless sensor networks with low-level naming&#8221; 2001<\/strong><\/li>\n<li>S. Helal &#8222;Konark: A Service Discovery and Delivery Protocol for Ad Hoc Networks&#8221; 2003<\/li>\n<li><strong>U. C. Kozat, L. Tassiulas &#8222;Service discovery in mobile ad hoc networks: An overall perspective on architectural choices and network layer support issues&#8221; 2004<\/strong><\/li>\n<li>U. Mohan, K. C. Almeroth, E. M. Belding\u00adRoyer &#8222;Scalable Service Discovery in Mobile Ad hoc Network&#8221; 2004<\/li>\n<li>C. Frank, H. Karl &#8222;Consistency Challenges of Service Discovery in Mobile Ad Hoc Networks&#8221; 2004<\/li>\n<li>M.Barbeau, E.Kranakis, H. Lou &#8222;Strategies for Service Discovery over Ad Hoc Networks&#8221; 2004<\/li>\n<li>S. Tilak , K. Chiu, N. B. Abu-Ghazaleh, T. Fountain &#8222;Dynamic resource discovery for sensor networks&#8221; 2005<\/li>\n<li>L. Li, L. Lamont &#8222;A Lightweight Service Discovery Mechanism for Mobile Ad Hoc Pervasive Environment Using Cross\u00adlayer Design&#8221; 2005<\/li>\n<li>C. Cho, D. Lee &#8222;Survey of Service Discovery Architectures for Mobile Ad hoc Networks&#8221; 2005<\/li>\n<li>V. Lenders, M. May, B. Plattner &#8222;Service Discovery in Mobile Ad Hoc Networks: A Field Theoretic Approach&#8221; 2005<\/li>\n<li>F. Zhu 'Secure and Private Service Discovery in Pervasive Computing Environments&#8221; 2006<\/li>\n<li>Y. Yang, H. Hassanein, A. Mawji &#8222;Efficient Service Discovery for Wireless Mobile Ad Hoc Networks&#8221; 2006<\/li>\n<li>A.N. Mian, R. Beraldi, R. Baldoni &#8222;Survey of Service Discovery Protocols in Mobile Ad Hoc Networks&#8221; 2006<\/li>\n<li>S. Kona &#8222;Semantics-based Web Service Discovery and Composition&#8221; 2007<\/li>\n<li>H. Artail, H. Safa, H. Hamze, K. Mershad &#8222;A Cluster Based Service Discovery Model for Mobile Ad Hoc Networks&#8221; 2007<\/li>\n<li>F. Liu &#8222;Modeling Service Discovery in Ad\u00ad-hoc Networks&#8221; 2007<\/li>\n<li>C. Ververidis, G. Polyzos &#8222;Service discovery for mobile ad hoc networks: a survey of issues and techniques&#8221; 2008<\/li>\n<li>R. Deepa, S. Swamynathan &#8222;A Service Discovery Model For Mobile Ad Hoc Networks&#8221; 2010<\/li>\n<\/ol>\n","protected":false},"excerpt":{"rendered":"<p>Literatura wg zagadnie\u0144 Us\u0142uga odkrywania zasob\u00f3w &#8211; Service Discovery W. Adjie-Winoto, E. Schwartz, H. Balakrishnan, J. Lilley &#8222;The design and implementation of an intentional naming system&#8221; 1999 S. Czerwinski, B. Zhao, T. Hodes, A. Joseph,&#8230;<\/p>\n","protected":false},"author":2,"featured_media":0,"parent":0,"menu_order":0,"comment_status":"closed","ping_status":"closed","template":"page-template-wide.php","meta":{"footnotes":""},"class_list":["post-60","page","type-page","status-publish","hentry"],"yoast_head":"<!-- This site is optimized with the Yoast SEO plugin v27.5 - https:\/\/yoast.com\/product\/yoast-seo-wordpress\/ -->\n<title>Literatura - HERMES<\/title>\n<meta name=\"description\" content=\"Literatura do projektu HERMES.\" \/>\n<meta name=\"robots\" content=\"index, follow, max-snippet:-1, max-image-preview:large, max-video-preview:-1\" \/>\n<link rel=\"canonical\" href=\"https:\/\/www.hweb.mobi\/index.php\/literatura\/\" \/>\n<meta property=\"og:locale\" content=\"pl_PL\" \/>\n<meta property=\"og:type\" content=\"article\" \/>\n<meta property=\"og:title\" content=\"Literatura - HERMES\" \/>\n<meta property=\"og:description\" content=\"Literatura do projektu HERMES.\" \/>\n<meta property=\"og:url\" content=\"https:\/\/www.hweb.mobi\/index.php\/literatura\/\" \/>\n<meta property=\"og:site_name\" content=\"HERMES\" \/>\n<meta property=\"article:modified_time\" content=\"2014-05-15T14:38:30+00:00\" \/>\n<meta name=\"twitter:label1\" content=\"Szacowany czas czytania\" \/>\n\t<meta name=\"twitter:data1\" content=\"2 minuty\" \/>\n<script type=\"application\/ld+json\" class=\"yoast-schema-graph\">{\"@context\":\"https:\\\/\\\/schema.org\",\"@graph\":[{\"@type\":\"WebPage\",\"@id\":\"https:\\\/\\\/www.hweb.mobi\\\/index.php\\\/literatura\\\/\",\"url\":\"https:\\\/\\\/www.hweb.mobi\\\/index.php\\\/literatura\\\/\",\"name\":\"Literatura - HERMES\",\"isPartOf\":{\"@id\":\"https:\\\/\\\/www.hweb.mobi\\\/#website\"},\"datePublished\":\"2014-05-15T14:35:29+00:00\",\"dateModified\":\"2014-05-15T14:38:30+00:00\",\"description\":\"Literatura do projektu HERMES.\",\"breadcrumb\":{\"@id\":\"https:\\\/\\\/www.hweb.mobi\\\/index.php\\\/literatura\\\/#breadcrumb\"},\"inLanguage\":\"pl-PL\",\"potentialAction\":[{\"@type\":\"ReadAction\",\"target\":[\"https:\\\/\\\/www.hweb.mobi\\\/index.php\\\/literatura\\\/\"]}]},{\"@type\":\"BreadcrumbList\",\"@id\":\"https:\\\/\\\/www.hweb.mobi\\\/index.php\\\/literatura\\\/#breadcrumb\",\"itemListElement\":[{\"@type\":\"ListItem\",\"position\":1,\"name\":\"Home\",\"item\":\"https:\\\/\\\/www.hweb.mobi\\\/\"},{\"@type\":\"ListItem\",\"position\":2,\"name\":\"Literatura\"}]},{\"@type\":\"WebSite\",\"@id\":\"https:\\\/\\\/www.hweb.mobi\\\/#website\",\"url\":\"https:\\\/\\\/www.hweb.mobi\\\/\",\"name\":\"HERMES\",\"description\":\"Warstwa po\u015brednia dla us\u0142ug komunikacyjnych\",\"potentialAction\":[{\"@type\":\"SearchAction\",\"target\":{\"@type\":\"EntryPoint\",\"urlTemplate\":\"https:\\\/\\\/www.hweb.mobi\\\/?s={search_term_string}\"},\"query-input\":{\"@type\":\"PropertyValueSpecification\",\"valueRequired\":true,\"valueName\":\"search_term_string\"}}],\"inLanguage\":\"pl-PL\"}]}<\/script>\n<!-- \/ Yoast SEO plugin. -->","yoast_head_json":{"title":"Literatura - HERMES","description":"Literatura do projektu HERMES.","robots":{"index":"index","follow":"follow","max-snippet":"max-snippet:-1","max-image-preview":"max-image-preview:large","max-video-preview":"max-video-preview:-1"},"canonical":"https:\/\/www.hweb.mobi\/index.php\/literatura\/","og_locale":"pl_PL","og_type":"article","og_title":"Literatura - HERMES","og_description":"Literatura do projektu HERMES.","og_url":"https:\/\/www.hweb.mobi\/index.php\/literatura\/","og_site_name":"HERMES","article_modified_time":"2014-05-15T14:38:30+00:00","twitter_misc":{"Szacowany czas czytania":"2 minuty"},"schema":{"@context":"https:\/\/schema.org","@graph":[{"@type":"WebPage","@id":"https:\/\/www.hweb.mobi\/index.php\/literatura\/","url":"https:\/\/www.hweb.mobi\/index.php\/literatura\/","name":"Literatura - HERMES","isPartOf":{"@id":"https:\/\/www.hweb.mobi\/#website"},"datePublished":"2014-05-15T14:35:29+00:00","dateModified":"2014-05-15T14:38:30+00:00","description":"Literatura do projektu HERMES.","breadcrumb":{"@id":"https:\/\/www.hweb.mobi\/index.php\/literatura\/#breadcrumb"},"inLanguage":"pl-PL","potentialAction":[{"@type":"ReadAction","target":["https:\/\/www.hweb.mobi\/index.php\/literatura\/"]}]},{"@type":"BreadcrumbList","@id":"https:\/\/www.hweb.mobi\/index.php\/literatura\/#breadcrumb","itemListElement":[{"@type":"ListItem","position":1,"name":"Home","item":"https:\/\/www.hweb.mobi\/"},{"@type":"ListItem","position":2,"name":"Literatura"}]},{"@type":"WebSite","@id":"https:\/\/www.hweb.mobi\/#website","url":"https:\/\/www.hweb.mobi\/","name":"HERMES","description":"Warstwa po\u015brednia dla us\u0142ug komunikacyjnych","potentialAction":[{"@type":"SearchAction","target":{"@type":"EntryPoint","urlTemplate":"https:\/\/www.hweb.mobi\/?s={search_term_string}"},"query-input":{"@type":"PropertyValueSpecification","valueRequired":true,"valueName":"search_term_string"}}],"inLanguage":"pl-PL"}]}},"_links":{"self":[{"href":"https:\/\/www.hweb.mobi\/index.php\/wp-json\/wp\/v2\/pages\/60","targetHints":{"allow":["GET"]}}],"collection":[{"href":"https:\/\/www.hweb.mobi\/index.php\/wp-json\/wp\/v2\/pages"}],"about":[{"href":"https:\/\/www.hweb.mobi\/index.php\/wp-json\/wp\/v2\/types\/page"}],"author":[{"embeddable":true,"href":"https:\/\/www.hweb.mobi\/index.php\/wp-json\/wp\/v2\/users\/2"}],"replies":[{"embeddable":true,"href":"https:\/\/www.hweb.mobi\/index.php\/wp-json\/wp\/v2\/comments?post=60"}],"version-history":[{"count":2,"href":"https:\/\/www.hweb.mobi\/index.php\/wp-json\/wp\/v2\/pages\/60\/revisions"}],"predecessor-version":[{"id":62,"href":"https:\/\/www.hweb.mobi\/index.php\/wp-json\/wp\/v2\/pages\/60\/revisions\/62"}],"wp:attachment":[{"href":"https:\/\/www.hweb.mobi\/index.php\/wp-json\/wp\/v2\/media?parent=60"}],"curies":[{"name":"wp","href":"https:\/\/api.w.org\/{rel}","templated":true}]}}