{"id":17,"date":"2014-05-13T15:02:20","date_gmt":"2014-05-13T13:02:20","guid":{"rendered":"https:\/\/www.hweb.mobi\/?page_id=17"},"modified":"2014-05-15T16:54:47","modified_gmt":"2014-05-15T14:54:47","slug":"informacje-ogolne","status":"publish","type":"page","link":"https:\/\/www.hweb.mobi\/","title":{"rendered":"Informacje og\u00f3lne"},"content":{"rendered":"<h1><a href=\"https:\/\/www.hweb.mobi\/wp-content\/uploads\/2014\/05\/HERMES_logo.png\"><img loading=\"lazy\" decoding=\"async\" class=\"alignnone wp-image-67 size-full\" src=\"https:\/\/www.hweb.mobi\/wp-content\/uploads\/2014\/05\/HERMES_logo.png\" alt=\"HERMES Logo\" width=\"256\" height=\"256\" srcset=\"https:\/\/www.hweb.mobi\/wp-content\/uploads\/2014\/05\/HERMES_logo.png 256w, https:\/\/www.hweb.mobi\/wp-content\/uploads\/2014\/05\/HERMES_logo-150x150.png 150w\" sizes=\"auto, (max-width: 256px) 100vw, 256px\" \/><\/a><\/h1>\n<h1>Projekt HERMES<\/h1>\n<p>Projekt HERMES rozpocza\u0142 si\u0119 w 2012 roku. Jego celem jest stworzenie warstwy po\u015bredniej udost\u0119pniaj\u0105cej API dla smartfonu z systemem operacyjnym Android, kt\u00f3ra umo\u017cliwi budowanie specyficznych aplikacji komunikacyjnych.<\/p>\n<h2>Za\u0142o\u017cenia<\/h2>\n<h3>W\u0119ze\u0142<\/h3>\n<ul>\n<li>Smartfon z systemem operacyjnym Android (warunek sine qua non)<\/li>\n<li>Ka\u017cdy w\u0119ze\u0142 ma przypisany zbi\u00f3r cech (wykorzystywanych do komunikacji)<\/li>\n<\/ul>\n<h3>Sie\u0107<\/h3>\n<ul>\n<li>Sp\u00f3jny graf po\u0142\u0105cze\u0144 mi\u0119dzy w\u0119z\u0142ami, utworzony w dowolnie kr\u00f3tkim przedziale czasu (ad-hoc)<\/li>\n<li>Jest przewa\u017cnie nomadyczna, bywa mobilna<\/li>\n<li>Ma zasi\u0119g globalny<\/li>\n<li>Zbi\u00f3r w\u0119z\u0142\u00f3w jest nieograniczony<\/li>\n<\/ul>\n<h3>Identyfikator<\/h3>\n<ul>\n<li>Adres w\u0119z\u0142a, kt\u00f3ry zwi\u0105zany jest z geograficznym po\u0142o\u017ceniem (wsp\u00f3\u0142rz\u0119dne geograficzne)<\/li>\n<\/ul>\n<h3>Komunikacja<\/h3>\n<ul>\n<li>Jako us\u0142uga rozproszona, co oznacza brak centralnych w\u0119z\u0142\u00f3w (peer-to-peer)<\/li>\n<li>Aktualny zbi\u00f3r wszystkich cech (ontologia) r\u00f3wnie\u017c stanowi rozproszony zas\u00f3b<\/li>\n<li>Istniej\u0105 algorytmy odkrywania zasob\u00f3w sieci \u2013 wyszukiwania w\u0119z\u0142\u00f3w o okre\u015blonych cechach (w przysz\u0142o\u015bci z algebr\u0105 zbior\u00f3w)<\/li>\n<li>Odbywa si\u0119 przy pomocy routingu: (a) DTN, (b) geograficznego<\/li>\n<\/ul>\n","protected":false},"excerpt":{"rendered":"<p>Projekt HERMES Projekt HERMES rozpocza\u0142 si\u0119 w 2012 roku. Jego celem jest stworzenie warstwy po\u015bredniej udost\u0119pniaj\u0105cej API dla smartfonu z systemem operacyjnym Android, kt\u00f3ra umo\u017cliwi budowanie specyficznych aplikacji komunikacyjnych. Za\u0142o\u017cenia W\u0119ze\u0142 Smartfon z systemem operacyjnym&#8230;<\/p>\n","protected":false},"author":2,"featured_media":0,"parent":0,"menu_order":0,"comment_status":"closed","ping_status":"closed","template":"","meta":{"footnotes":""},"class_list":["post-17","page","type-page","status-publish","hentry"],"yoast_head":"<!-- This site is optimized with the Yoast SEO plugin v27.4 - https:\/\/yoast.com\/product\/yoast-seo-wordpress\/ -->\n<title>Informacje og\u00f3lne - HERMES<\/title>\n<meta name=\"description\" content=\"Informacje o projekcie HERMES\" \/>\n<meta name=\"robots\" content=\"index, follow, max-snippet:-1, max-image-preview:large, max-video-preview:-1\" \/>\n<link rel=\"canonical\" href=\"https:\/\/www.hweb.mobi\/\" \/>\n<meta property=\"og:locale\" content=\"pl_PL\" \/>\n<meta property=\"og:type\" content=\"article\" \/>\n<meta property=\"og:title\" content=\"Informacje og\u00f3lne - HERMES\" \/>\n<meta property=\"og:description\" content=\"Informacje o projekcie HERMES\" \/>\n<meta property=\"og:url\" content=\"https:\/\/www.hweb.mobi\/\" \/>\n<meta property=\"og:site_name\" content=\"HERMES\" \/>\n<meta property=\"article:modified_time\" content=\"2014-05-15T14:54:47+00:00\" \/>\n<meta property=\"og:image\" content=\"https:\/\/www.hweb.mobi\/wp-content\/uploads\/2014\/05\/HERMES_logo.png\" \/>\n<meta name=\"twitter:label1\" content=\"Szacowany czas czytania\" \/>\n\t<meta name=\"twitter:data1\" content=\"1 minuta\" \/>\n<script type=\"application\/ld+json\" class=\"yoast-schema-graph\">{\"@context\":\"https:\\\/\\\/schema.org\",\"@graph\":[{\"@type\":\"WebPage\",\"@id\":\"https:\\\/\\\/www.hweb.mobi\\\/\",\"url\":\"https:\\\/\\\/www.hweb.mobi\\\/\",\"name\":\"Informacje og\u00f3lne - HERMES\",\"isPartOf\":{\"@id\":\"https:\\\/\\\/www.hweb.mobi\\\/#website\"},\"primaryImageOfPage\":{\"@id\":\"https:\\\/\\\/www.hweb.mobi\\\/#primaryimage\"},\"image\":{\"@id\":\"https:\\\/\\\/www.hweb.mobi\\\/#primaryimage\"},\"thumbnailUrl\":\"http:\\\/\\\/www.hweb.mobi\\\/wp-content\\\/uploads\\\/2014\\\/05\\\/HERMES_logo.png\",\"datePublished\":\"2014-05-13T13:02:20+00:00\",\"dateModified\":\"2014-05-15T14:54:47+00:00\",\"description\":\"Informacje o projekcie HERMES\",\"breadcrumb\":{\"@id\":\"https:\\\/\\\/www.hweb.mobi\\\/#breadcrumb\"},\"inLanguage\":\"pl-PL\",\"potentialAction\":[{\"@type\":\"ReadAction\",\"target\":[\"https:\\\/\\\/www.hweb.mobi\\\/\"]}]},{\"@type\":\"ImageObject\",\"inLanguage\":\"pl-PL\",\"@id\":\"https:\\\/\\\/www.hweb.mobi\\\/#primaryimage\",\"url\":\"http:\\\/\\\/www.hweb.mobi\\\/wp-content\\\/uploads\\\/2014\\\/05\\\/HERMES_logo.png\",\"contentUrl\":\"http:\\\/\\\/www.hweb.mobi\\\/wp-content\\\/uploads\\\/2014\\\/05\\\/HERMES_logo.png\"},{\"@type\":\"BreadcrumbList\",\"@id\":\"https:\\\/\\\/www.hweb.mobi\\\/#breadcrumb\",\"itemListElement\":[{\"@type\":\"ListItem\",\"position\":1,\"name\":\"Home\",\"item\":\"https:\\\/\\\/www.hweb.mobi\\\/\"},{\"@type\":\"ListItem\",\"position\":2,\"name\":\"Informacje og\u00f3lne\"}]},{\"@type\":\"WebSite\",\"@id\":\"https:\\\/\\\/www.hweb.mobi\\\/#website\",\"url\":\"https:\\\/\\\/www.hweb.mobi\\\/\",\"name\":\"HERMES\",\"description\":\"Warstwa po\u015brednia dla us\u0142ug komunikacyjnych\",\"potentialAction\":[{\"@type\":\"SearchAction\",\"target\":{\"@type\":\"EntryPoint\",\"urlTemplate\":\"https:\\\/\\\/www.hweb.mobi\\\/?s={search_term_string}\"},\"query-input\":{\"@type\":\"PropertyValueSpecification\",\"valueRequired\":true,\"valueName\":\"search_term_string\"}}],\"inLanguage\":\"pl-PL\"}]}<\/script>\n<!-- \/ Yoast SEO plugin. -->","yoast_head_json":{"title":"Informacje og\u00f3lne - HERMES","description":"Informacje o projekcie HERMES","robots":{"index":"index","follow":"follow","max-snippet":"max-snippet:-1","max-image-preview":"max-image-preview:large","max-video-preview":"max-video-preview:-1"},"canonical":"https:\/\/www.hweb.mobi\/","og_locale":"pl_PL","og_type":"article","og_title":"Informacje og\u00f3lne - HERMES","og_description":"Informacje o projekcie HERMES","og_url":"https:\/\/www.hweb.mobi\/","og_site_name":"HERMES","article_modified_time":"2014-05-15T14:54:47+00:00","og_image":[{"url":"https:\/\/www.hweb.mobi\/wp-content\/uploads\/2014\/05\/HERMES_logo.png","type":"","width":"","height":""}],"twitter_misc":{"Szacowany czas czytania":"1 minuta"},"schema":{"@context":"https:\/\/schema.org","@graph":[{"@type":"WebPage","@id":"https:\/\/www.hweb.mobi\/","url":"https:\/\/www.hweb.mobi\/","name":"Informacje og\u00f3lne - HERMES","isPartOf":{"@id":"https:\/\/www.hweb.mobi\/#website"},"primaryImageOfPage":{"@id":"https:\/\/www.hweb.mobi\/#primaryimage"},"image":{"@id":"https:\/\/www.hweb.mobi\/#primaryimage"},"thumbnailUrl":"https:\/\/www.hweb.mobi\/wp-content\/uploads\/2014\/05\/HERMES_logo.png","datePublished":"2014-05-13T13:02:20+00:00","dateModified":"2014-05-15T14:54:47+00:00","description":"Informacje o projekcie HERMES","breadcrumb":{"@id":"https:\/\/www.hweb.mobi\/#breadcrumb"},"inLanguage":"pl-PL","potentialAction":[{"@type":"ReadAction","target":["https:\/\/www.hweb.mobi\/"]}]},{"@type":"ImageObject","inLanguage":"pl-PL","@id":"https:\/\/www.hweb.mobi\/#primaryimage","url":"https:\/\/www.hweb.mobi\/wp-content\/uploads\/2014\/05\/HERMES_logo.png","contentUrl":"https:\/\/www.hweb.mobi\/wp-content\/uploads\/2014\/05\/HERMES_logo.png"},{"@type":"BreadcrumbList","@id":"https:\/\/www.hweb.mobi\/#breadcrumb","itemListElement":[{"@type":"ListItem","position":1,"name":"Home","item":"https:\/\/www.hweb.mobi\/"},{"@type":"ListItem","position":2,"name":"Informacje og\u00f3lne"}]},{"@type":"WebSite","@id":"https:\/\/www.hweb.mobi\/#website","url":"https:\/\/www.hweb.mobi\/","name":"HERMES","description":"Warstwa po\u015brednia dla us\u0142ug komunikacyjnych","potentialAction":[{"@type":"SearchAction","target":{"@type":"EntryPoint","urlTemplate":"https:\/\/www.hweb.mobi\/?s={search_term_string}"},"query-input":{"@type":"PropertyValueSpecification","valueRequired":true,"valueName":"search_term_string"}}],"inLanguage":"pl-PL"}]}},"_links":{"self":[{"href":"https:\/\/www.hweb.mobi\/index.php\/wp-json\/wp\/v2\/pages\/17","targetHints":{"allow":["GET"]}}],"collection":[{"href":"https:\/\/www.hweb.mobi\/index.php\/wp-json\/wp\/v2\/pages"}],"about":[{"href":"https:\/\/www.hweb.mobi\/index.php\/wp-json\/wp\/v2\/types\/page"}],"author":[{"embeddable":true,"href":"https:\/\/www.hweb.mobi\/index.php\/wp-json\/wp\/v2\/users\/2"}],"replies":[{"embeddable":true,"href":"https:\/\/www.hweb.mobi\/index.php\/wp-json\/wp\/v2\/comments?post=17"}],"version-history":[{"count":15,"href":"https:\/\/www.hweb.mobi\/index.php\/wp-json\/wp\/v2\/pages\/17\/revisions"}],"predecessor-version":[{"id":70,"href":"https:\/\/www.hweb.mobi\/index.php\/wp-json\/wp\/v2\/pages\/17\/revisions\/70"}],"wp:attachment":[{"href":"https:\/\/www.hweb.mobi\/index.php\/wp-json\/wp\/v2\/media?parent=17"}],"curies":[{"name":"wp","href":"https:\/\/api.w.org\/{rel}","templated":true}]}}