{"id":41,"date":"2014-05-13T17:12:55","date_gmt":"2014-05-13T15:12:55","guid":{"rendered":"http:\/\/www.hweb.mobi\/?page_id=41"},"modified":"2014-05-15T16:40:15","modified_gmt":"2014-05-15T14:40:15","slug":"prezentacje","status":"publish","type":"page","link":"http:\/\/www.hweb.mobi\/index.php\/prezentacje\/","title":{"rendered":"Prezentacje"},"content":{"rendered":"<h1>Prezentacje zwi\u0105zane z projektem<\/h1>\n<ul>\n<li><a href=\"http:\/\/www.hweb.mobi\/wp-content\/uploads\/2014\/05\/HERMES_basics_13_10_09.pdf\">HERMES_basics_13_10_09<\/a>\u00a0<em>Prezentacja omawiaj\u0105c\u0105 podstawowe aspekty projektu HERMES<\/em><\/li>\n<li><a href=\"http:\/\/www.hweb.mobi\/wp-content\/uploads\/2014\/05\/HERMES_basics_14_03_05.pdf\">HERMES_basics_14_03_05<\/a>\u00a0<em>Prezentacja dotycz\u0105ca sposobu budowy grafu po\u0142\u0105cze\u0144 (I faza dzia\u0142ania)<\/em><\/li>\n<\/ul>\n","protected":false},"excerpt":{"rendered":"<p>Prezentacje zwi\u0105zane z projektem HERMES_basics_13_10_09\u00a0Prezentacja omawiaj\u0105c\u0105 podstawowe aspekty projektu HERMES HERMES_basics_14_03_05\u00a0Prezentacja dotycz\u0105ca sposobu budowy grafu po\u0142\u0105cze\u0144 (I faza dzia\u0142ania)<\/p>\n","protected":false},"author":2,"featured_media":0,"parent":0,"menu_order":0,"comment_status":"closed","ping_status":"closed","template":"page-template-wide.php","meta":{"footnotes":""},"class_list":["post-41","page","type-page","status-publish","hentry"],"yoast_head":"<!-- This site is optimized with the Yoast SEO plugin v27.4 - https:\/\/yoast.com\/product\/yoast-seo-wordpress\/ -->\n<title>Prezentacje - HERMES<\/title>\n<meta name=\"description\" content=\"Prezentacje zwi\u0105zane z projektem HERMES.\" \/>\n<meta name=\"robots\" content=\"index, follow, max-snippet:-1, max-image-preview:large, max-video-preview:-1\" \/>\n<link rel=\"canonical\" href=\"http:\/\/www.hweb.mobi\/index.php\/prezentacje\/\" \/>\n<meta property=\"og:locale\" content=\"pl_PL\" \/>\n<meta property=\"og:type\" content=\"article\" \/>\n<meta property=\"og:title\" content=\"Prezentacje - HERMES\" \/>\n<meta property=\"og:description\" content=\"Prezentacje zwi\u0105zane z projektem HERMES.\" \/>\n<meta property=\"og:url\" content=\"http:\/\/www.hweb.mobi\/index.php\/prezentacje\/\" \/>\n<meta property=\"og:site_name\" content=\"HERMES\" \/>\n<meta property=\"article:modified_time\" content=\"2014-05-15T14:40:15+00:00\" \/>\n<script type=\"application\/ld+json\" class=\"yoast-schema-graph\">{\"@context\":\"https:\\\/\\\/schema.org\",\"@graph\":[{\"@type\":\"WebPage\",\"@id\":\"http:\\\/\\\/www.hweb.mobi\\\/index.php\\\/prezentacje\\\/\",\"url\":\"http:\\\/\\\/www.hweb.mobi\\\/index.php\\\/prezentacje\\\/\",\"name\":\"Prezentacje - HERMES\",\"isPartOf\":{\"@id\":\"http:\\\/\\\/www.hweb.mobi\\\/#website\"},\"datePublished\":\"2014-05-13T15:12:55+00:00\",\"dateModified\":\"2014-05-15T14:40:15+00:00\",\"description\":\"Prezentacje zwi\u0105zane z projektem HERMES.\",\"breadcrumb\":{\"@id\":\"http:\\\/\\\/www.hweb.mobi\\\/index.php\\\/prezentacje\\\/#breadcrumb\"},\"inLanguage\":\"pl-PL\",\"potentialAction\":[{\"@type\":\"ReadAction\",\"target\":[\"http:\\\/\\\/www.hweb.mobi\\\/index.php\\\/prezentacje\\\/\"]}]},{\"@type\":\"BreadcrumbList\",\"@id\":\"http:\\\/\\\/www.hweb.mobi\\\/index.php\\\/prezentacje\\\/#breadcrumb\",\"itemListElement\":[{\"@type\":\"ListItem\",\"position\":1,\"name\":\"Home\",\"item\":\"http:\\\/\\\/www.hweb.mobi\\\/\"},{\"@type\":\"ListItem\",\"position\":2,\"name\":\"Prezentacje\"}]},{\"@type\":\"WebSite\",\"@id\":\"http:\\\/\\\/www.hweb.mobi\\\/#website\",\"url\":\"http:\\\/\\\/www.hweb.mobi\\\/\",\"name\":\"HERMES\",\"description\":\"Warstwa po\u015brednia dla us\u0142ug komunikacyjnych\",\"potentialAction\":[{\"@type\":\"SearchAction\",\"target\":{\"@type\":\"EntryPoint\",\"urlTemplate\":\"http:\\\/\\\/www.hweb.mobi\\\/?s={search_term_string}\"},\"query-input\":{\"@type\":\"PropertyValueSpecification\",\"valueRequired\":true,\"valueName\":\"search_term_string\"}}],\"inLanguage\":\"pl-PL\"}]}<\/script>\n<!-- \/ Yoast SEO plugin. -->","yoast_head_json":{"title":"Prezentacje - HERMES","description":"Prezentacje zwi\u0105zane z projektem HERMES.","robots":{"index":"index","follow":"follow","max-snippet":"max-snippet:-1","max-image-preview":"max-image-preview:large","max-video-preview":"max-video-preview:-1"},"canonical":"http:\/\/www.hweb.mobi\/index.php\/prezentacje\/","og_locale":"pl_PL","og_type":"article","og_title":"Prezentacje - HERMES","og_description":"Prezentacje zwi\u0105zane z projektem HERMES.","og_url":"http:\/\/www.hweb.mobi\/index.php\/prezentacje\/","og_site_name":"HERMES","article_modified_time":"2014-05-15T14:40:15+00:00","schema":{"@context":"https:\/\/schema.org","@graph":[{"@type":"WebPage","@id":"http:\/\/www.hweb.mobi\/index.php\/prezentacje\/","url":"http:\/\/www.hweb.mobi\/index.php\/prezentacje\/","name":"Prezentacje - HERMES","isPartOf":{"@id":"http:\/\/www.hweb.mobi\/#website"},"datePublished":"2014-05-13T15:12:55+00:00","dateModified":"2014-05-15T14:40:15+00:00","description":"Prezentacje zwi\u0105zane z projektem HERMES.","breadcrumb":{"@id":"http:\/\/www.hweb.mobi\/index.php\/prezentacje\/#breadcrumb"},"inLanguage":"pl-PL","potentialAction":[{"@type":"ReadAction","target":["http:\/\/www.hweb.mobi\/index.php\/prezentacje\/"]}]},{"@type":"BreadcrumbList","@id":"http:\/\/www.hweb.mobi\/index.php\/prezentacje\/#breadcrumb","itemListElement":[{"@type":"ListItem","position":1,"name":"Home","item":"http:\/\/www.hweb.mobi\/"},{"@type":"ListItem","position":2,"name":"Prezentacje"}]},{"@type":"WebSite","@id":"http:\/\/www.hweb.mobi\/#website","url":"http:\/\/www.hweb.mobi\/","name":"HERMES","description":"Warstwa po\u015brednia dla us\u0142ug komunikacyjnych","potentialAction":[{"@type":"SearchAction","target":{"@type":"EntryPoint","urlTemplate":"http:\/\/www.hweb.mobi\/?s={search_term_string}"},"query-input":{"@type":"PropertyValueSpecification","valueRequired":true,"valueName":"search_term_string"}}],"inLanguage":"pl-PL"}]}},"_links":{"self":[{"href":"http:\/\/www.hweb.mobi\/index.php\/wp-json\/wp\/v2\/pages\/41","targetHints":{"allow":["GET"]}}],"collection":[{"href":"http:\/\/www.hweb.mobi\/index.php\/wp-json\/wp\/v2\/pages"}],"about":[{"href":"http:\/\/www.hweb.mobi\/index.php\/wp-json\/wp\/v2\/types\/page"}],"author":[{"embeddable":true,"href":"http:\/\/www.hweb.mobi\/index.php\/wp-json\/wp\/v2\/users\/2"}],"replies":[{"embeddable":true,"href":"http:\/\/www.hweb.mobi\/index.php\/wp-json\/wp\/v2\/comments?post=41"}],"version-history":[{"count":7,"href":"http:\/\/www.hweb.mobi\/index.php\/wp-json\/wp\/v2\/pages\/41\/revisions"}],"predecessor-version":[{"id":65,"href":"http:\/\/www.hweb.mobi\/index.php\/wp-json\/wp\/v2\/pages\/41\/revisions\/65"}],"wp:attachment":[{"href":"http:\/\/www.hweb.mobi\/index.php\/wp-json\/wp\/v2\/media?parent=41"}],"curies":[{"name":"wp","href":"https:\/\/api.w.org\/{rel}","templated":true}]}}