{"id":30,"date":"2014-05-13T15:50:24","date_gmt":"2014-05-13T13:50:24","guid":{"rendered":"http:\/\/www.hweb.mobi\/?page_id=30"},"modified":"2014-06-21T09:09:58","modified_gmt":"2014-06-21T07:09:58","slug":"zespol","status":"publish","type":"page","link":"http:\/\/www.hweb.mobi\/index.php\/zespol\/","title":{"rendered":"Zesp\u00f3\u0142"},"content":{"rendered":"<h1>Zesp\u00f3\u0142 projektowy<\/h1>\n<p>Obecnie w pracach nad warstw\u0105 po\u015bredni\u0105 bior\u0105 udzia\u0142 (w kolejno\u015bci alfabetycznej):<\/p>\n<ul>\n<li>Marcin Gola\u0144ski: opieka nad projektem<\/li>\n<li>Adam Kolodziejczyk: routing kontekstowy<\/li>\n<li>Mariusz Kuc: algorytmy routingu geograficznego<\/li>\n<li>Damian Lachowski: algorytmy routingu DTN<\/li>\n<li>\u0141ukasz Lachowski: algorytmy odkrywania zasob\u00f3w (<em>service discovery<\/em>)<\/li>\n<li>Piotr Naro\u017cnik: algorytmy odkrywania zasob\u00f3w, implementacja SD4R (<em>Service Discovery 4 Rovers<\/em>)<\/li>\n<li>Stanislau Nevar: ontologia<\/li>\n<li>Hubert Osewski: wyznaczanie grafu po\u0142\u0105cze\u0144<\/li>\n<li>Micha\u0142 Trawka: mechanizm identyfikator\u00f3w<\/li>\n<li>Tomasz Witkowski: routing kontekstowy<\/li>\n<\/ul>\n","protected":false},"excerpt":{"rendered":"<p>Zesp\u00f3\u0142 projektowy Obecnie w pracach nad warstw\u0105 po\u015bredni\u0105 bior\u0105 udzia\u0142 (w kolejno\u015bci alfabetycznej): Marcin Gola\u0144ski: opieka nad projektem Adam Kolodziejczyk: routing kontekstowy Mariusz Kuc: algorytmy routingu geograficznego Damian Lachowski: algorytmy routingu DTN \u0141ukasz Lachowski: algorytmy&#8230;<\/p>\n","protected":false},"author":2,"featured_media":0,"parent":0,"menu_order":0,"comment_status":"closed","ping_status":"closed","template":"page-template-wide.php","meta":{"footnotes":""},"class_list":["post-30","page","type-page","status-publish","hentry"],"yoast_head":"<!-- This site is optimized with the Yoast SEO plugin v27.4 - https:\/\/yoast.com\/product\/yoast-seo-wordpress\/ -->\n<title>Zesp\u00f3\u0142 - HERMES<\/title>\n<meta name=\"description\" content=\"Zesp\u00f3\u0142 projektowy\" \/>\n<meta name=\"robots\" content=\"index, follow, max-snippet:-1, max-image-preview:large, max-video-preview:-1\" \/>\n<link rel=\"canonical\" href=\"http:\/\/www.hweb.mobi\/index.php\/zespol\/\" \/>\n<meta property=\"og:locale\" content=\"pl_PL\" \/>\n<meta property=\"og:type\" content=\"article\" \/>\n<meta property=\"og:title\" content=\"Zesp\u00f3\u0142 - HERMES\" \/>\n<meta property=\"og:description\" content=\"Zesp\u00f3\u0142 projektowy\" \/>\n<meta property=\"og:url\" content=\"http:\/\/www.hweb.mobi\/index.php\/zespol\/\" \/>\n<meta property=\"og:site_name\" content=\"HERMES\" \/>\n<meta property=\"article:modified_time\" content=\"2014-06-21T07:09:58+00:00\" \/>\n<script type=\"application\/ld+json\" class=\"yoast-schema-graph\">{\"@context\":\"https:\\\/\\\/schema.org\",\"@graph\":[{\"@type\":\"WebPage\",\"@id\":\"http:\\\/\\\/www.hweb.mobi\\\/index.php\\\/zespol\\\/\",\"url\":\"http:\\\/\\\/www.hweb.mobi\\\/index.php\\\/zespol\\\/\",\"name\":\"Zesp\u00f3\u0142 - HERMES\",\"isPartOf\":{\"@id\":\"http:\\\/\\\/www.hweb.mobi\\\/#website\"},\"datePublished\":\"2014-05-13T13:50:24+00:00\",\"dateModified\":\"2014-06-21T07:09:58+00:00\",\"description\":\"Zesp\u00f3\u0142 projektowy\",\"breadcrumb\":{\"@id\":\"http:\\\/\\\/www.hweb.mobi\\\/index.php\\\/zespol\\\/#breadcrumb\"},\"inLanguage\":\"pl-PL\",\"potentialAction\":[{\"@type\":\"ReadAction\",\"target\":[\"http:\\\/\\\/www.hweb.mobi\\\/index.php\\\/zespol\\\/\"]}]},{\"@type\":\"BreadcrumbList\",\"@id\":\"http:\\\/\\\/www.hweb.mobi\\\/index.php\\\/zespol\\\/#breadcrumb\",\"itemListElement\":[{\"@type\":\"ListItem\",\"position\":1,\"name\":\"Home\",\"item\":\"http:\\\/\\\/www.hweb.mobi\\\/\"},{\"@type\":\"ListItem\",\"position\":2,\"name\":\"Zesp\u00f3\u0142\"}]},{\"@type\":\"WebSite\",\"@id\":\"http:\\\/\\\/www.hweb.mobi\\\/#website\",\"url\":\"http:\\\/\\\/www.hweb.mobi\\\/\",\"name\":\"HERMES\",\"description\":\"Warstwa po\u015brednia dla us\u0142ug komunikacyjnych\",\"potentialAction\":[{\"@type\":\"SearchAction\",\"target\":{\"@type\":\"EntryPoint\",\"urlTemplate\":\"http:\\\/\\\/www.hweb.mobi\\\/?s={search_term_string}\"},\"query-input\":{\"@type\":\"PropertyValueSpecification\",\"valueRequired\":true,\"valueName\":\"search_term_string\"}}],\"inLanguage\":\"pl-PL\"}]}<\/script>\n<!-- \/ Yoast SEO plugin. -->","yoast_head_json":{"title":"Zesp\u00f3\u0142 - HERMES","description":"Zesp\u00f3\u0142 projektowy","robots":{"index":"index","follow":"follow","max-snippet":"max-snippet:-1","max-image-preview":"max-image-preview:large","max-video-preview":"max-video-preview:-1"},"canonical":"http:\/\/www.hweb.mobi\/index.php\/zespol\/","og_locale":"pl_PL","og_type":"article","og_title":"Zesp\u00f3\u0142 - HERMES","og_description":"Zesp\u00f3\u0142 projektowy","og_url":"http:\/\/www.hweb.mobi\/index.php\/zespol\/","og_site_name":"HERMES","article_modified_time":"2014-06-21T07:09:58+00:00","schema":{"@context":"https:\/\/schema.org","@graph":[{"@type":"WebPage","@id":"http:\/\/www.hweb.mobi\/index.php\/zespol\/","url":"http:\/\/www.hweb.mobi\/index.php\/zespol\/","name":"Zesp\u00f3\u0142 - HERMES","isPartOf":{"@id":"http:\/\/www.hweb.mobi\/#website"},"datePublished":"2014-05-13T13:50:24+00:00","dateModified":"2014-06-21T07:09:58+00:00","description":"Zesp\u00f3\u0142 projektowy","breadcrumb":{"@id":"http:\/\/www.hweb.mobi\/index.php\/zespol\/#breadcrumb"},"inLanguage":"pl-PL","potentialAction":[{"@type":"ReadAction","target":["http:\/\/www.hweb.mobi\/index.php\/zespol\/"]}]},{"@type":"BreadcrumbList","@id":"http:\/\/www.hweb.mobi\/index.php\/zespol\/#breadcrumb","itemListElement":[{"@type":"ListItem","position":1,"name":"Home","item":"http:\/\/www.hweb.mobi\/"},{"@type":"ListItem","position":2,"name":"Zesp\u00f3\u0142"}]},{"@type":"WebSite","@id":"http:\/\/www.hweb.mobi\/#website","url":"http:\/\/www.hweb.mobi\/","name":"HERMES","description":"Warstwa po\u015brednia dla us\u0142ug komunikacyjnych","potentialAction":[{"@type":"SearchAction","target":{"@type":"EntryPoint","urlTemplate":"http:\/\/www.hweb.mobi\/?s={search_term_string}"},"query-input":{"@type":"PropertyValueSpecification","valueRequired":true,"valueName":"search_term_string"}}],"inLanguage":"pl-PL"}]}},"_links":{"self":[{"href":"http:\/\/www.hweb.mobi\/index.php\/wp-json\/wp\/v2\/pages\/30","targetHints":{"allow":["GET"]}}],"collection":[{"href":"http:\/\/www.hweb.mobi\/index.php\/wp-json\/wp\/v2\/pages"}],"about":[{"href":"http:\/\/www.hweb.mobi\/index.php\/wp-json\/wp\/v2\/types\/page"}],"author":[{"embeddable":true,"href":"http:\/\/www.hweb.mobi\/index.php\/wp-json\/wp\/v2\/users\/2"}],"replies":[{"embeddable":true,"href":"http:\/\/www.hweb.mobi\/index.php\/wp-json\/wp\/v2\/comments?post=30"}],"version-history":[{"count":7,"href":"http:\/\/www.hweb.mobi\/index.php\/wp-json\/wp\/v2\/pages\/30\/revisions"}],"predecessor-version":[{"id":86,"href":"http:\/\/www.hweb.mobi\/index.php\/wp-json\/wp\/v2\/pages\/30\/revisions\/86"}],"wp:attachment":[{"href":"http:\/\/www.hweb.mobi\/index.php\/wp-json\/wp\/v2\/media?parent=30"}],"curies":[{"name":"wp","href":"https:\/\/api.w.org\/{rel}","templated":true}]}}